{"id":3252,"date":"2022-04-20T15:15:55","date_gmt":"2022-04-20T15:15:55","guid":{"rendered":"http:\/\/www.dev.midlandexploration.com.web3.sogetel.net\/contact-us\/"},"modified":"2024-03-12T15:51:59","modified_gmt":"2024-03-12T19:51:59","slug":"contact-us","status":"publish","type":"page","link":"https:\/\/midlandexploration.com\/en\/contact-us\/","title":{"rendered":"CONTACT US"},"content":{"rendered":"\t\t<div data-elementor-type=\"wp-page\" data-elementor-id=\"3252\" class=\"elementor elementor-3252 elementor-39\" data-elementor-post-type=\"page\">\n\t\t\t\t\t\t<section class=\"elementor-section elementor-top-section elementor-element elementor-element-484ac01a elementor-section-height-min-height elementor-section-boxed elementor-section-height-default elementor-section-items-middle\" data-id=\"484ac01a\" data-element_type=\"section\" data-settings=\"{&quot;background_background&quot;:&quot;classic&quot;}\">\n\t\t\t\t\t\t<div class=\"elementor-container elementor-column-gap-default\">\n\t\t\t\t\t<div class=\"elementor-column elementor-col-100 elementor-top-column elementor-element elementor-element-24891411\" data-id=\"24891411\" data-element_type=\"column\">\n\t\t\t<div class=\"elementor-widget-wrap elementor-element-populated\">\n\t\t\t\t\t\t<div class=\"elementor-element elementor-element-250683e0 elementor-widget elementor-widget-heading\" data-id=\"250683e0\" data-element_type=\"widget\" data-widget_type=\"heading.default\">\n\t\t\t\t<div class=\"elementor-widget-container\">\n\t\t\t<h1 class=\"elementor-heading-title elementor-size-default\">CONTACT US<\/h1>\t\t<\/div>\n\t\t\t\t<\/div>\n\t\t\t\t\t<\/div>\n\t\t<\/div>\n\t\t\t\t\t<\/div>\n\t\t<\/section>\n\t\t\t\t<section class=\"elementor-section elementor-top-section elementor-element elementor-element-36b9946 elementor-section-boxed elementor-section-height-default elementor-section-height-default\" data-id=\"36b9946\" data-element_type=\"section\">\n\t\t\t\t\t\t<div class=\"elementor-container elementor-column-gap-default\">\n\t\t\t\t\t<div class=\"elementor-column elementor-col-50 elementor-top-column elementor-element elementor-element-f76a2ed\" data-id=\"f76a2ed\" data-element_type=\"column\">\n\t\t\t<div class=\"elementor-widget-wrap elementor-element-populated\">\n\t\t\t\t\t\t<div class=\"elementor-element elementor-element-fd3a5be elementor-widget elementor-widget-heading\" data-id=\"fd3a5be\" data-element_type=\"widget\" data-widget_type=\"heading.default\">\n\t\t\t\t<div class=\"elementor-widget-container\">\n\t\t\t<h3 class=\"elementor-heading-title elementor-size-default\">Send an email<\/h3>\t\t<\/div>\n\t\t\t\t<\/div>\n\t\t\t\t<div class=\"elementor-element elementor-element-d4d33d6 elementor-widget elementor-widget-text-editor\" data-id=\"d4d33d6\" data-element_type=\"widget\" data-widget_type=\"text-editor.default\">\n\t\t\t\t<div class=\"elementor-widget-container\">\n\t\t\t\t\t\t\t<p>Do not hesitate to contact us, it will be our pleasure to inform you. It should be noted that all information will remain strictly confidential.<\/p>\t\t\t\t\t\t<\/div>\n\t\t\t\t<\/div>\n\t\t\t\t<div class=\"elementor-element elementor-element-689dd57 elementor-button-align-stretch elementor-widget elementor-widget-form\" data-id=\"689dd57\" data-element_type=\"widget\" data-settings=\"{&quot;step_next_label&quot;:&quot;Next&quot;,&quot;step_previous_label&quot;:&quot;Previous&quot;,&quot;button_width&quot;:&quot;100&quot;,&quot;step_type&quot;:&quot;number_text&quot;,&quot;step_icon_shape&quot;:&quot;circle&quot;}\" data-widget_type=\"form.default\">\n\t\t\t\t<div class=\"elementor-widget-container\">\n\t\t\t\t\t<form class=\"elementor-form\" method=\"post\" name=\"NewForm\" novalidate=\"\">\n\t\t\t<input type=\"hidden\" name=\"post_id\" value=\"3252\"\/>\n\t\t\t<input type=\"hidden\" name=\"form_id\" value=\"689dd57\"\/>\n\t\t\t<input type=\"hidden\" name=\"referer_title\" value=\"Midland\" \/>\n\n\t\t\t\n\t\t\t<div class=\"elementor-form-fields-wrapper elementor-labels-above\">\n\t\t\t\t\t\t\t\t<div class=\"elementor-field-type-text elementor-field-group elementor-column elementor-field-group-message elementor-col-50 elementor-field-required\">\n\t\t\t\t\t\t\t\t\t\t\t\t<label for=\"form-field-message\" class=\"elementor-field-label\">\n\t\t\t\t\t\t\t\tFirst name *\t\t\t\t\t\t\t<\/label>\n\t\t\t\t\t\t\t\t\t\t\t\t\t\t<input size=\"1\" type=\"text\" name=\"form_fields[message]\" id=\"form-field-message\" class=\"elementor-field elementor-size-sm  elementor-field-textual\" required=\"required\" aria-required=\"true\">\n\t\t\t\t\t\t\t\t\t\t\t<\/div>\n\t\t\t\t\t\t\t\t<div class=\"elementor-field-type-text elementor-field-group elementor-column elementor-field-group-field_ab210a5 elementor-col-50 elementor-field-required\">\n\t\t\t\t\t\t\t\t\t\t\t\t<label for=\"form-field-field_ab210a5\" class=\"elementor-field-label\">\n\t\t\t\t\t\t\t\tLast name*\t\t\t\t\t\t\t<\/label>\n\t\t\t\t\t\t\t\t\t\t\t\t\t\t<input size=\"1\" type=\"text\" name=\"form_fields[field_ab210a5]\" id=\"form-field-field_ab210a5\" class=\"elementor-field elementor-size-sm  elementor-field-textual\" required=\"required\" aria-required=\"true\">\n\t\t\t\t\t\t\t\t\t\t\t<\/div>\n\t\t\t\t\t\t\t\t<div class=\"elementor-field-type-email elementor-field-group elementor-column elementor-field-group-Emailfoem elementor-col-100\">\n\t\t\t\t\t\t\t\t\t\t\t\t<label for=\"form-field-Emailfoem\" class=\"elementor-field-label\">\n\t\t\t\t\t\t\t\tEmail (Optionnel)\t\t\t\t\t\t\t<\/label>\n\t\t\t\t\t\t\t\t\t\t\t\t\t\t<input size=\"1\" type=\"email\" name=\"form_fields[Emailfoem]\" id=\"form-field-Emailfoem\" class=\"elementor-field elementor-size-sm  elementor-field-textual\" placeholder=\"info@example.com\">\n\t\t\t\t\t\t\t\t\t\t\t<\/div>\n\t\t\t\t\t\t\t\t<div class=\"elementor-field-type-textarea elementor-field-group elementor-column elementor-field-group-field_03a5d30 elementor-col-100\">\n\t\t\t\t\t\t\t\t\t\t\t\t<label for=\"form-field-field_03a5d30\" class=\"elementor-field-label\">\n\t\t\t\t\t\t\t\tMessage *\t\t\t\t\t\t\t<\/label>\n\t\t\t\t\t\t<textarea class=\"elementor-field-textual elementor-field  elementor-size-sm\" name=\"form_fields[field_03a5d30]\" id=\"form-field-field_03a5d30\" rows=\"4\"><\/textarea>\t\t\t\t<\/div>\n\t\t\t\t\t\t\t\t<div class=\"elementor-field-type-recaptcha_v3 elementor-field-group elementor-column elementor-field-group-field_5ddba87 elementor-col-100 recaptcha_v3-bottomright\">\n\t\t\t\t\t<div class=\"elementor-field\" id=\"form-field-field_5ddba87\"><div class=\"elementor-g-recaptcha\" data-sitekey=\"6LdD5RYgAAAAAAbHq1R1Vosg7ZxyxCP24CdndmWo\" data-type=\"v3\" data-action=\"Form\" data-badge=\"bottomright\" data-size=\"invisible\"><\/div><\/div>\t\t\t\t<\/div>\n\t\t\t\t\t\t\t\t<div class=\"elementor-field-group elementor-column elementor-field-type-submit elementor-col-100 e-form__buttons\">\n\t\t\t\t\t<button class=\"elementor-button elementor-size-sm\" type=\"submit\">\n\t\t\t\t\t\t<span class=\"elementor-button-content-wrapper\">\n\t\t\t\t\t\t\t\t\t\t\t\t\t\t\t\t\t\t\t\t\t\t<span class=\"elementor-button-text\">Send<\/span>\n\t\t\t\t\t\t\t\t\t\t\t\t\t<\/span>\n\t\t\t\t\t<\/button>\n\t\t\t\t<\/div>\n\t\t\t<\/div>\n\t\t<\/form>\n\t\t\t\t<\/div>\n\t\t\t\t<\/div>\n\t\t\t\t<div class=\"elementor-element elementor-element-c3d683a elementor-widget elementor-widget-text-editor\" data-id=\"c3d683a\" data-element_type=\"widget\" data-widget_type=\"text-editor.default\">\n\t\t\t\t<div class=\"elementor-widget-container\">\n\t\t\t\t\t\t\t<p class=\"p1\">If you need information regarding your confidential data, please contact the person responsible at the following email address:<br \/>Stephanie Boivin <a href=\"mailto:stephanie.boivin@midlandexploration.com\">stephanie.boivin@midlandexploration.com<\/a><\/p>\t\t\t\t\t\t<\/div>\n\t\t\t\t<\/div>\n\t\t\t\t\t<\/div>\n\t\t<\/div>\n\t\t\t\t<div class=\"elementor-column elementor-col-25 elementor-top-column elementor-element elementor-element-c899241\" data-id=\"c899241\" data-element_type=\"column\">\n\t\t\t<div class=\"elementor-widget-wrap elementor-element-populated\">\n\t\t\t\t\t\t<div class=\"elementor-element elementor-element-633283a elementor-widget elementor-widget-heading\" data-id=\"633283a\" data-element_type=\"widget\" data-widget_type=\"heading.default\">\n\t\t\t\t<div class=\"elementor-widget-container\">\n\t\t\t<h3 class=\"elementor-heading-title elementor-size-default\">Midland Exploration \u2013<br>Head Office<\/h3>\t\t<\/div>\n\t\t\t\t<\/div>\n\t\t\t\t<div class=\"elementor-element elementor-element-5133aec elementor-widget elementor-widget-text-editor\" data-id=\"5133aec\" data-element_type=\"widget\" data-widget_type=\"text-editor.default\">\n\t\t\t\t<div class=\"elementor-widget-container\">\n\t\t\t\t\t\t\t<p>1, Place Ville Marie, bureau 4000<br>Montr\u00e9al (Qu\u00e9bec)<br>H3B 4M4<\/p>\t\t\t\t\t\t<\/div>\n\t\t\t\t<\/div>\n\t\t\t\t<div class=\"elementor-element elementor-element-674101a elementor-widget elementor-widget-heading\" data-id=\"674101a\" data-element_type=\"widget\" data-widget_type=\"heading.default\">\n\t\t\t\t<div class=\"elementor-widget-container\">\n\t\t\t<h3 class=\"elementor-heading-title elementor-size-default\">Exploration Office<\/h3>\t\t<\/div>\n\t\t\t\t<\/div>\n\t\t\t\t<div class=\"elementor-element elementor-element-8b43436 elementor-widget elementor-widget-text-editor\" data-id=\"8b43436\" data-element_type=\"widget\" data-widget_type=\"text-editor.default\">\n\t\t\t\t<div class=\"elementor-widget-container\">\n\t\t\t\t\t\t\t<p>132 boul. Labelle, bureau 220<br>Rosem\u00e8re (Qu\u00e9bec)<br>J7A 2H1<\/p>\t\t\t\t\t\t<\/div>\n\t\t\t\t<\/div>\n\t\t\t\t<div class=\"elementor-element elementor-element-0877d7d elementor-icon-list--layout-traditional elementor-list-item-link-full_width elementor-widget elementor-widget-icon-list\" data-id=\"0877d7d\" data-element_type=\"widget\" data-widget_type=\"icon-list.default\">\n\t\t\t\t<div class=\"elementor-widget-container\">\n\t\t\t\t\t<ul class=\"elementor-icon-list-items\">\n\t\t\t\t\t\t\t<li class=\"elementor-icon-list-item\">\n\t\t\t\t\t\t\t\t\t\t\t<a href=\"\">\n\n\t\t\t\t\t\t\t\t\t\t\t\t<span class=\"elementor-icon-list-icon\">\n\t\t\t\t\t\t\t<i aria-hidden=\"true\" class=\"fas fa-phone-alt\"><\/i>\t\t\t\t\t\t<\/span>\n\t\t\t\t\t\t\t\t\t\t<span class=\"elementor-icon-list-text\">450 420-5977<\/span>\n\t\t\t\t\t\t\t\t\t\t\t<\/a>\n\t\t\t\t\t\t\t\t\t<\/li>\n\t\t\t\t\t\t\t\t<li class=\"elementor-icon-list-item\">\n\t\t\t\t\t\t\t\t\t\t\t<a href=\"\">\n\n\t\t\t\t\t\t\t\t\t\t\t\t<span class=\"elementor-icon-list-icon\">\n\t\t\t\t\t\t\t<i aria-hidden=\"true\" class=\"fas fa-fax\"><\/i>\t\t\t\t\t\t<\/span>\n\t\t\t\t\t\t\t\t\t\t<span class=\"elementor-icon-list-text\">450 420-5978<\/span>\n\t\t\t\t\t\t\t\t\t\t\t<\/a>\n\t\t\t\t\t\t\t\t\t<\/li>\n\t\t\t\t\t\t\t\t<li class=\"elementor-icon-list-item\">\n\t\t\t\t\t\t\t\t\t\t\t<a href=\"http:\/\/info@midlandexploration.com\">\n\n\t\t\t\t\t\t\t\t\t\t\t\t<span class=\"elementor-icon-list-icon\">\n\t\t\t\t\t\t\t<i aria-hidden=\"true\" class=\"fas fa-envelope\"><\/i>\t\t\t\t\t\t<\/span>\n\t\t\t\t\t\t\t\t\t\t<span class=\"elementor-icon-list-text\">Email<\/span>\n\t\t\t\t\t\t\t\t\t\t\t<\/a>\n\t\t\t\t\t\t\t\t\t<\/li>\n\t\t\t\t\t\t<\/ul>\n\t\t\t\t<\/div>\n\t\t\t\t<\/div>\n\t\t\t\t\t<\/div>\n\t\t<\/div>\n\t\t\t\t<div class=\"elementor-column elementor-col-25 elementor-top-column elementor-element elementor-element-d923f3c\" data-id=\"d923f3c\" data-element_type=\"column\">\n\t\t\t<div class=\"elementor-widget-wrap elementor-element-populated\">\n\t\t\t\t\t\t<div class=\"elementor-element elementor-element-4ff276f elementor-widget elementor-widget-heading\" data-id=\"4ff276f\" data-element_type=\"widget\" data-widget_type=\"heading.default\">\n\t\t\t\t<div class=\"elementor-widget-container\">\n\t\t\t<h3 class=\"elementor-heading-title elementor-size-default\">Corporate Directory<\/h3>\t\t<\/div>\n\t\t\t\t<\/div>\n\t\t\t\t<div class=\"elementor-element elementor-element-5b61668 elementor-widget elementor-widget-heading\" data-id=\"5b61668\" data-element_type=\"widget\" data-widget_type=\"heading.default\">\n\t\t\t\t<div class=\"elementor-widget-container\">\n\t\t\t<h5 class=\"elementor-heading-title elementor-size-default\">Auditor<\/h5>\t\t<\/div>\n\t\t\t\t<\/div>\n\t\t\t\t<div class=\"elementor-element elementor-element-a86ee92 elementor-widget elementor-widget-text-editor\" data-id=\"a86ee92\" data-element_type=\"widget\" data-widget_type=\"text-editor.default\">\n\t\t\t\t<div class=\"elementor-widget-container\">\n\t\t\t\t\t\t\t<p><strong>PricewaterhouseCoopers, s.r.l.<\/strong><br><strong>Comptables agr\u00e9\u00e9s<\/strong><\/p>\n<p>1250, boulevard Ren\u00e9-L\u00e9vesque Ouest, bureau 2800<br>Montr\u00e9al (Qu\u00e9bec)<br>Canada H3B 2G4<\/p>\t\t\t\t\t\t<\/div>\n\t\t\t\t<\/div>\n\t\t\t\t<div class=\"elementor-element elementor-element-e05aa5b elementor-icon-list--layout-traditional elementor-list-item-link-full_width elementor-widget elementor-widget-icon-list\" data-id=\"e05aa5b\" data-element_type=\"widget\" data-widget_type=\"icon-list.default\">\n\t\t\t\t<div class=\"elementor-widget-container\">\n\t\t\t\t\t<ul class=\"elementor-icon-list-items\">\n\t\t\t\t\t\t\t<li class=\"elementor-icon-list-item\">\n\t\t\t\t\t\t\t\t\t\t\t<a href=\"http:\/\/Phone%201%20514%20205-5000\">\n\n\t\t\t\t\t\t\t\t\t\t\t\t<span class=\"elementor-icon-list-icon\">\n\t\t\t\t\t\t\t<i aria-hidden=\"true\" class=\"fas fa-phone-alt\"><\/i>\t\t\t\t\t\t<\/span>\n\t\t\t\t\t\t\t\t\t\t<span class=\"elementor-icon-list-text\">1 514 205-5000<\/span>\n\t\t\t\t\t\t\t\t\t\t\t<\/a>\n\t\t\t\t\t\t\t\t\t<\/li>\n\t\t\t\t\t\t\t\t<li class=\"elementor-icon-list-item\">\n\t\t\t\t\t\t\t\t\t\t\t<a href=\"http:\/\/Fax%201%20514%20876-1502\">\n\n\t\t\t\t\t\t\t\t\t\t\t\t<span class=\"elementor-icon-list-icon\">\n\t\t\t\t\t\t\t<i aria-hidden=\"true\" class=\"fas fa-fax\"><\/i>\t\t\t\t\t\t<\/span>\n\t\t\t\t\t\t\t\t\t\t<span class=\"elementor-icon-list-text\">1 514 876-1502<\/span>\n\t\t\t\t\t\t\t\t\t\t\t<\/a>\n\t\t\t\t\t\t\t\t\t<\/li>\n\t\t\t\t\t\t<\/ul>\n\t\t\t\t<\/div>\n\t\t\t\t<\/div>\n\t\t\t\t<div class=\"elementor-element elementor-element-b4b3bd1 elementor-widget elementor-widget-heading\" data-id=\"b4b3bd1\" data-element_type=\"widget\" data-widget_type=\"heading.default\">\n\t\t\t\t<div class=\"elementor-widget-container\">\n\t\t\t<h5 class=\"elementor-heading-title elementor-size-default\">Legal Council\n<\/h5>\t\t<\/div>\n\t\t\t\t<\/div>\n\t\t\t\t<div class=\"elementor-element elementor-element-bd13475 elementor-widget elementor-widget-text-editor\" data-id=\"bd13475\" data-element_type=\"widget\" data-widget_type=\"text-editor.default\">\n\t\t\t\t<div class=\"elementor-widget-container\">\n\t\t\t\t\t\t\t<p><strong>Lavery, De Billy, s.e.n.c.r.l.<\/strong><\/p><p>1, Place Ville Marie, bureau 4000<br>Montr\u00e9al (Qu\u00e9bec)<br>H3B 4M4<\/p>\t\t\t\t\t\t<\/div>\n\t\t\t\t<\/div>\n\t\t\t\t<div class=\"elementor-element elementor-element-f0c4940 elementor-widget elementor-widget-heading\" data-id=\"f0c4940\" data-element_type=\"widget\" data-widget_type=\"heading.default\">\n\t\t\t\t<div class=\"elementor-widget-container\">\n\t\t\t<h5 class=\"elementor-heading-title elementor-size-default\">Transfer Agent and Register<\/h5>\t\t<\/div>\n\t\t\t\t<\/div>\n\t\t\t\t<div class=\"elementor-element elementor-element-5b8f5d1 elementor-widget elementor-widget-text-editor\" data-id=\"5b8f5d1\" data-element_type=\"widget\" data-widget_type=\"text-editor.default\">\n\t\t\t\t<div class=\"elementor-widget-container\">\n\t\t\t\t\t\t\t<p><strong>TSX Trust<\/strong><\/p><p>1800 &#8211; 1190, Canadiens-de-Montr\u00e9al Avenue,\u00a0<br \/>C.P. 37, Montreal, Qc H3G 0G7<\/p>\t\t\t\t\t\t<\/div>\n\t\t\t\t<\/div>\n\t\t\t\t\t<\/div>\n\t\t<\/div>\n\t\t\t\t\t<\/div>\n\t\t<\/section>\n\t\t\t\t<\/div>\n\t\t","protected":false},"excerpt":{"rendered":"<p>CONTACT US Send an email Do not hesitate to contact us, it will be our pleasure to inform you. It should be noted that all information will remain strictly confidential. If you need information regarding your confidential data, please contact the person responsible at the following email address:Stephanie Boivin stephanie.boivin@midlandexploration.com Midland Exploration \u2013Head Office 1, [&hellip;]<\/p>\n","protected":false},"author":1,"featured_media":0,"parent":0,"menu_order":0,"comment_status":"closed","ping_status":"closed","template":"","meta":{"_acf_changed":false,"footnotes":""},"class_list":["post-3252","page","type-page","status-publish","hentry"],"acf":[],"yoast_head":"<!-- This site is optimized with the Yoast SEO plugin v23.1 - https:\/\/yoast.com\/wordpress\/plugins\/seo\/ -->\n<title>CONTACT US - Midland<\/title>\n<meta name=\"robots\" content=\"index, follow, max-snippet:-1, max-image-preview:large, max-video-preview:-1\" \/>\n<link rel=\"canonical\" href=\"https:\/\/midlandexploration.com\/en\/contact-us\/\" \/>\n<meta property=\"og:locale\" content=\"en_US\" \/>\n<meta property=\"og:type\" content=\"article\" \/>\n<meta property=\"og:title\" content=\"CONTACT US - Midland\" \/>\n<meta property=\"og:description\" content=\"CONTACT US Send an email Do not hesitate to contact us, it will be our pleasure to inform you. It should be noted that all information will remain strictly confidential. If you need information regarding your confidential data, please contact the person responsible at the following email address:Stephanie Boivin stephanie.boivin@midlandexploration.com Midland Exploration \u2013Head Office 1, [&hellip;]\" \/>\n<meta property=\"og:url\" content=\"https:\/\/midlandexploration.com\/en\/contact-us\/\" \/>\n<meta property=\"og:site_name\" content=\"Midland\" \/>\n<meta property=\"article:modified_time\" content=\"2024-03-12T19:51:59+00:00\" \/>\n<meta name=\"twitter:card\" content=\"summary_large_image\" \/>\n<meta name=\"twitter:label1\" content=\"Est. reading time\" \/>\n\t<meta name=\"twitter:data1\" content=\"1 minute\" \/>\n<script type=\"application\/ld+json\" class=\"yoast-schema-graph\">{\"@context\":\"https:\/\/schema.org\",\"@graph\":[{\"@type\":\"WebPage\",\"@id\":\"https:\/\/midlandexploration.com\/en\/contact-us\/\",\"url\":\"https:\/\/midlandexploration.com\/en\/contact-us\/\",\"name\":\"CONTACT US - Midland\",\"isPartOf\":{\"@id\":\"https:\/\/midlandexploration.com\/en\/#website\"},\"datePublished\":\"2022-04-20T15:15:55+00:00\",\"dateModified\":\"2024-03-12T19:51:59+00:00\",\"breadcrumb\":{\"@id\":\"https:\/\/midlandexploration.com\/en\/contact-us\/#breadcrumb\"},\"inLanguage\":\"en-US\",\"potentialAction\":[{\"@type\":\"ReadAction\",\"target\":[\"https:\/\/midlandexploration.com\/en\/contact-us\/\"]}]},{\"@type\":\"BreadcrumbList\",\"@id\":\"https:\/\/midlandexploration.com\/en\/contact-us\/#breadcrumb\",\"itemListElement\":[{\"@type\":\"ListItem\",\"position\":1,\"name\":\"Home\",\"item\":\"https:\/\/midlandexploration.com\/en\/\"},{\"@type\":\"ListItem\",\"position\":2,\"name\":\"CONTACT US\"}]},{\"@type\":\"WebSite\",\"@id\":\"https:\/\/midlandexploration.com\/en\/#website\",\"url\":\"https:\/\/midlandexploration.com\/en\/\",\"name\":\"Midland\",\"description\":\"La prochaine d\u00e9couverte majeure au qu\u00e9bec\",\"publisher\":{\"@id\":\"https:\/\/midlandexploration.com\/en\/#organization\"},\"potentialAction\":[{\"@type\":\"SearchAction\",\"target\":{\"@type\":\"EntryPoint\",\"urlTemplate\":\"https:\/\/midlandexploration.com\/en\/?s={search_term_string}\"},\"query-input\":\"required name=search_term_string\"}],\"inLanguage\":\"en-US\"},{\"@type\":\"Organization\",\"@id\":\"https:\/\/midlandexploration.com\/en\/#organization\",\"name\":\"Midland\",\"url\":\"https:\/\/midlandexploration.com\/en\/\",\"logo\":{\"@type\":\"ImageObject\",\"inLanguage\":\"en-US\",\"@id\":\"https:\/\/midlandexploration.com\/en\/#\/schema\/logo\/image\/\",\"url\":\"https:\/\/midlandexploration.com\/wp-content\/uploads\/2022\/02\/logo.png\",\"contentUrl\":\"https:\/\/midlandexploration.com\/wp-content\/uploads\/2022\/02\/logo.png\",\"width\":308,\"height\":171,\"caption\":\"Midland\"},\"image\":{\"@id\":\"https:\/\/midlandexploration.com\/en\/#\/schema\/logo\/image\/\"}}]}<\/script>\n<!-- \/ Yoast SEO plugin. -->","yoast_head_json":{"title":"CONTACT US - Midland","robots":{"index":"index","follow":"follow","max-snippet":"max-snippet:-1","max-image-preview":"max-image-preview:large","max-video-preview":"max-video-preview:-1"},"canonical":"https:\/\/midlandexploration.com\/en\/contact-us\/","og_locale":"en_US","og_type":"article","og_title":"CONTACT US - Midland","og_description":"CONTACT US Send an email Do not hesitate to contact us, it will be our pleasure to inform you. It should be noted that all information will remain strictly confidential. If you need information regarding your confidential data, please contact the person responsible at the following email address:Stephanie Boivin stephanie.boivin@midlandexploration.com Midland Exploration \u2013Head Office 1, [&hellip;]","og_url":"https:\/\/midlandexploration.com\/en\/contact-us\/","og_site_name":"Midland","article_modified_time":"2024-03-12T19:51:59+00:00","twitter_card":"summary_large_image","twitter_misc":{"Est. reading time":"1 minute"},"schema":{"@context":"https:\/\/schema.org","@graph":[{"@type":"WebPage","@id":"https:\/\/midlandexploration.com\/en\/contact-us\/","url":"https:\/\/midlandexploration.com\/en\/contact-us\/","name":"CONTACT US - Midland","isPartOf":{"@id":"https:\/\/midlandexploration.com\/en\/#website"},"datePublished":"2022-04-20T15:15:55+00:00","dateModified":"2024-03-12T19:51:59+00:00","breadcrumb":{"@id":"https:\/\/midlandexploration.com\/en\/contact-us\/#breadcrumb"},"inLanguage":"en-US","potentialAction":[{"@type":"ReadAction","target":["https:\/\/midlandexploration.com\/en\/contact-us\/"]}]},{"@type":"BreadcrumbList","@id":"https:\/\/midlandexploration.com\/en\/contact-us\/#breadcrumb","itemListElement":[{"@type":"ListItem","position":1,"name":"Home","item":"https:\/\/midlandexploration.com\/en\/"},{"@type":"ListItem","position":2,"name":"CONTACT US"}]},{"@type":"WebSite","@id":"https:\/\/midlandexploration.com\/en\/#website","url":"https:\/\/midlandexploration.com\/en\/","name":"Midland","description":"La prochaine d\u00e9couverte majeure au qu\u00e9bec","publisher":{"@id":"https:\/\/midlandexploration.com\/en\/#organization"},"potentialAction":[{"@type":"SearchAction","target":{"@type":"EntryPoint","urlTemplate":"https:\/\/midlandexploration.com\/en\/?s={search_term_string}"},"query-input":"required name=search_term_string"}],"inLanguage":"en-US"},{"@type":"Organization","@id":"https:\/\/midlandexploration.com\/en\/#organization","name":"Midland","url":"https:\/\/midlandexploration.com\/en\/","logo":{"@type":"ImageObject","inLanguage":"en-US","@id":"https:\/\/midlandexploration.com\/en\/#\/schema\/logo\/image\/","url":"https:\/\/midlandexploration.com\/wp-content\/uploads\/2022\/02\/logo.png","contentUrl":"https:\/\/midlandexploration.com\/wp-content\/uploads\/2022\/02\/logo.png","width":308,"height":171,"caption":"Midland"},"image":{"@id":"https:\/\/midlandexploration.com\/en\/#\/schema\/logo\/image\/"}}]}},"_links":{"self":[{"href":"https:\/\/midlandexploration.com\/en\/wp-json\/wp\/v2\/pages\/3252","targetHints":{"allow":["GET"]}}],"collection":[{"href":"https:\/\/midlandexploration.com\/en\/wp-json\/wp\/v2\/pages"}],"about":[{"href":"https:\/\/midlandexploration.com\/en\/wp-json\/wp\/v2\/types\/page"}],"author":[{"embeddable":true,"href":"https:\/\/midlandexploration.com\/en\/wp-json\/wp\/v2\/users\/1"}],"replies":[{"embeddable":true,"href":"https:\/\/midlandexploration.com\/en\/wp-json\/wp\/v2\/comments?post=3252"}],"version-history":[{"count":46,"href":"https:\/\/midlandexploration.com\/en\/wp-json\/wp\/v2\/pages\/3252\/revisions"}],"predecessor-version":[{"id":9757,"href":"https:\/\/midlandexploration.com\/en\/wp-json\/wp\/v2\/pages\/3252\/revisions\/9757"}],"wp:attachment":[{"href":"https:\/\/midlandexploration.com\/en\/wp-json\/wp\/v2\/media?parent=3252"}],"curies":[{"name":"wp","href":"https:\/\/api.w.org\/{rel}","templated":true}]}}